{"id":1294,"date":"2017-10-06T11:44:20","date_gmt":"2017-10-06T09:44:20","guid":{"rendered":"http:\/\/www.allecodole.eu\/?page_id=1294"},"modified":"2017-10-11T17:10:51","modified_gmt":"2017-10-11T15:10:51","slug":"das-restaurant","status":"publish","type":"page","link":"https:\/\/www.allecodole.eu\/de\/das-restaurant\/","title":{"rendered":"Das Restaurant"},"content":{"rendered":"\t<div class=\"pixcode  pixcode--grid  grid\" >\n\t\t\t<div class=\"grid__item six-twelfths palm-one-whole\" >\n\t\tEin Restaurant in Canale d\u2019Agordo (Belluno), wo Sie lokale Gerichte und neue und anspruchsvolle Rezepte probieren k\u00f6nnen.<br \/>\nAlle Codole liegt ganz in der N\u00e4he des Dorfzentrums.<br \/>\nF\u00fcr einen besonderen Anlass k\u00f6nnen Sie Ihr Abendessen in der \u201estua\u201c genie\u00dfen. Ein Raum neben dem Hauptsalon, vollst\u00e4ndig mit Holz verkleidet. Ein intimes Zimmer voller Tradition, wo Sie die Gerichte des K\u00fcchenchefs und ein gutes Glas Wein genie\u00dfen k\u00f6nnen.\t<\/div>\n\n\t<div class=\"grid__item six-twelfths palm-one-whole\" >\n\t\tDas <strong>Restaurant Alle Codole<\/strong> wird von folgenden Gastronomie-F\u00fchrer erw\u00e4hnt: Michelin, Espresso, Gambero Rosso, F\u00fchrung der Akademie der K\u00fcche, F\u00fchrung der Italienischen Wirtsh\u00e4user, Touring Club Guide, Restaurants Bibenda und Mangiarozzo.<br \/>\n\u201cAlle Codole\u201d ist auch Mitglied von AltoGusto, ein Verein von elf Restaurants der Provinz Belluno. Diese verwerten die lokalen Produkte mit innovativen Gerichte die zugleich ein Tribut an die kulinarischen Traditionen sein wollen.\t<\/div>\n\n\t<\/div>\n\n<p>&nbsp;<\/p>\n\t<div class=\"pixcode  pixcode--grid  grid\" >\n\t\t\t<div class=\"grid__item one-whole palm-one-whole\" >\n\t\t\n<p style=\"text-align: center;\"><a  class=\"pixcode  pixcode--btn  btn  btn--primary\" href=\"https:\/\/www.allecodole.eu\/menu\/\/\" >Entdecke unser Men\u00fc<\/a>\n\t<\/div>\n\n\t<\/div>\n\n<p>&nbsp;<\/p>\n","protected":false},"excerpt":{"rendered":"<p>&nbsp; &nbsp;<\/p>\n","protected":false},"author":1,"featured_media":971,"parent":0,"menu_order":0,"comment_status":"closed","ping_status":"closed","template":"","meta":{"_mi_skip_tracking":false,"footnotes":""},"class_list":["post-1294","page","type-page","status-publish","has-post-thumbnail","hentry"],"_links":{"self":[{"href":"https:\/\/www.allecodole.eu\/de\/wp-json\/wp\/v2\/pages\/1294","targetHints":{"allow":["GET"]}}],"collection":[{"href":"https:\/\/www.allecodole.eu\/de\/wp-json\/wp\/v2\/pages"}],"about":[{"href":"https:\/\/www.allecodole.eu\/de\/wp-json\/wp\/v2\/types\/page"}],"author":[{"embeddable":true,"href":"https:\/\/www.allecodole.eu\/de\/wp-json\/wp\/v2\/users\/1"}],"replies":[{"embeddable":true,"href":"https:\/\/www.allecodole.eu\/de\/wp-json\/wp\/v2\/comments?post=1294"}],"version-history":[{"count":0,"href":"https:\/\/www.allecodole.eu\/de\/wp-json\/wp\/v2\/pages\/1294\/revisions"}],"wp:featuredmedia":[{"embeddable":true,"href":"https:\/\/www.allecodole.eu\/de\/wp-json\/wp\/v2\/media\/971"}],"wp:attachment":[{"href":"https:\/\/www.allecodole.eu\/de\/wp-json\/wp\/v2\/media?parent=1294"}],"curies":[{"name":"wp","href":"https:\/\/api.w.org\/{rel}","templated":true}]}}