{"id":1192,"date":"2017-10-11T16:13:18","date_gmt":"2017-10-11T14:13:18","guid":{"rendered":"http:\/\/www.allecodole.eu\/?page_id=1192"},"modified":"2017-10-11T16:13:18","modified_gmt":"2017-10-11T14:13:18","slug":"hotel","status":"publish","type":"page","link":"https:\/\/www.allecodole.eu\/de\/hotel\/","title":{"rendered":"Hotel"},"content":{"rendered":"<p style=\"text-align: center;\">Unser Restaurant \u201eAlle Codole\u201c verf\u00fcgt auch \u00fcber Zimmer im typischen Bergstil.<br \/>\nDas Restaurants befindet sich ganz in der Naehe des Dorfplatzes in Canale d\u2019Agordo (BL), ein interessanten Ausgangspunkt f\u00fcr die Liebhaber der Berge, im Sommer sowie im Winter.<br \/>\nAm Eingang des Gares Tales ist Alle Codole ein Ausgangspunkt f\u00fcr viele Ausfl\u00fcge und Wanderungen in der Natur.<br \/>\nDank der N\u00e4he zu der ber\u00fchmten Tre Valli Skigebiet, im Dolomiti Superski, ist Alle Codole ein ideales Ziel auch f\u00fcr die Liebhaber des Wintersports.<br \/>\nEinzelzimmer, Doppelzimmer und eine kleine Suite, alle k\u00fcrzlich renoviert, verf\u00fcgen \u00fcber ein eigenes Bad, Telefon und Fernseher.<\/p>\n<p style=\"text-align: center;\"><div class=\"pixcode  pixcode--separator  separator separator--flower\">&#10043;<\/div>\n\n<div style=\"text-align: center;\"><strong>Die Halbpension Preise pro Person und Nacht f\u00fcr mindestens 3 N\u00e4chte:<\/strong><\/div>\n<div style=\"text-align: center;\"><\/div>\n<div style=\"text-align: center;\">bis zum 16\/07 50 \u20ac<\/div>\n<div style=\"text-align: center;\">bis zum 16\/07 50 \u20ac<\/div>\n<div style=\"text-align: center;\">von 16\/07 bis 06\/08 55 \u20ac<\/div>\n<div style=\"text-align: center;\">von 06\/08 bis 27\/08 60 \u20ac<\/div>\n<div style=\"text-align: center;\">von 27.08 bis 09.03 55 \u20ac<\/div>\n<div style=\"text-align: center;\">ab 09.03 50 \u20ac<\/div>\n","protected":false},"excerpt":{"rendered":"<p>Unser Restaurant \u201eAlle Codole\u201c verf\u00fcgt auch \u00fcber Zimmer im typischen Bergstil. Das Restaurants befindet sich ganz in der Naehe des Dorfplatzes in Canale d\u2019Agordo (BL), ein interessanten Ausgangspunkt f\u00fcr die Liebhaber der Berge, im Sommer sowie im Winter. Am Eingang des Gares Tales ist Alle Codole ein Ausgangspunkt f\u00fcr viele Ausfl\u00fcge und Wanderungen in der..<\/p>\n","protected":false},"author":1,"featured_media":973,"parent":0,"menu_order":0,"comment_status":"closed","ping_status":"closed","template":"","meta":{"_mi_skip_tracking":false,"footnotes":""},"class_list":["post-1192","page","type-page","status-publish","has-post-thumbnail","hentry"],"_links":{"self":[{"href":"https:\/\/www.allecodole.eu\/de\/wp-json\/wp\/v2\/pages\/1192","targetHints":{"allow":["GET"]}}],"collection":[{"href":"https:\/\/www.allecodole.eu\/de\/wp-json\/wp\/v2\/pages"}],"about":[{"href":"https:\/\/www.allecodole.eu\/de\/wp-json\/wp\/v2\/types\/page"}],"author":[{"embeddable":true,"href":"https:\/\/www.allecodole.eu\/de\/wp-json\/wp\/v2\/users\/1"}],"replies":[{"embeddable":true,"href":"https:\/\/www.allecodole.eu\/de\/wp-json\/wp\/v2\/comments?post=1192"}],"version-history":[{"count":0,"href":"https:\/\/www.allecodole.eu\/de\/wp-json\/wp\/v2\/pages\/1192\/revisions"}],"wp:featuredmedia":[{"embeddable":true,"href":"https:\/\/www.allecodole.eu\/de\/wp-json\/wp\/v2\/media\/973"}],"wp:attachment":[{"href":"https:\/\/www.allecodole.eu\/de\/wp-json\/wp\/v2\/media?parent=1192"}],"curies":[{"name":"wp","href":"https:\/\/api.w.org\/{rel}","templated":true}]}}