{"id":1140,"date":"2017-10-11T15:40:45","date_gmt":"2017-10-11T13:40:45","guid":{"rendered":"http:\/\/www.allecodole.eu\/?page_id=1140"},"modified":"2017-10-11T15:40:45","modified_gmt":"2017-10-11T13:40:45","slug":"uber-uns","status":"publish","type":"page","link":"https:\/\/www.allecodole.eu\/de\/uber-uns\/","title":{"rendered":"\u00dcber Uns"},"content":{"rendered":"<p style=\"text-align: center;\">Das Restaurant Alle Codole wurde 1973 mit der traditionellen K\u00fcche von den Lorenzi Schwestern gegr\u00fcndet und wird von den Br\u00fcdern gef\u00fchrt:<\/p>\n<p style=\"text-align: center;\"> <strong>Livia<\/strong> &#8211; <em>Ma\u00eetre des Hotels<\/em><\/p>\n<p style=\"text-align: center;\"><strong>Diego<\/strong> &#8211;<em> Sommelier<\/em><\/p>\n<p style=\"text-align: center;\"><strong>Oscar<\/strong> &#8211; <strong>Chef<\/strong><\/p>\n<p style=\"text-align: center;\">Die Tibolla Br\u00fcder haben in ihren Restaurant im Herzen der <strong>Dolomiten von Belluno<\/strong>, Tradition, Forschung und Professionalit\u00e4t verbunden.<br \/>\nHier k\u00f6nnen Sie auch nach wie vor die lokalen Gerichte genie\u00dfen, zusammen mit raffinierte einzigartige Gerichte.<\/p>\n\t<div class=\"pixcode  pixcode--grid  grid\" >\n\t\t\t<div class=\"grid__item one-whole palm-one-whole\" >\n\t\t\n<p style=\"text-align: center;\"><a  class=\"pixcode  pixcode--btn  btn  btn--regular\" href=\"https:\/\/www.allecodole.eu\/ristorante\/\" >ENTDECKE UNSER RESTAURANT<\/a>\n\t<\/div>\n\n\t<\/div>\n\n<p>&nbsp;<\/p>\n","protected":false},"excerpt":{"rendered":"<p>Das Restaurant Alle Codole wurde 1973 mit der traditionellen K\u00fcche von den Lorenzi Schwestern gegr\u00fcndet und wird von den Br\u00fcdern gef\u00fchrt: Livia &#8211; Ma\u00eetre des Hotels Diego &#8211; Sommelier Oscar &#8211; Chef Die Tibolla Br\u00fcder haben in ihren Restaurant im Herzen der Dolomiten von Belluno, Tradition, Forschung und Professionalit\u00e4t verbunden. Hier k\u00f6nnen Sie auch nach..<\/p>\n","protected":false},"author":1,"featured_media":975,"parent":0,"menu_order":0,"comment_status":"closed","ping_status":"closed","template":"","meta":{"_mi_skip_tracking":false,"footnotes":""},"class_list":["post-1140","page","type-page","status-publish","has-post-thumbnail","hentry"],"_links":{"self":[{"href":"https:\/\/www.allecodole.eu\/de\/wp-json\/wp\/v2\/pages\/1140","targetHints":{"allow":["GET"]}}],"collection":[{"href":"https:\/\/www.allecodole.eu\/de\/wp-json\/wp\/v2\/pages"}],"about":[{"href":"https:\/\/www.allecodole.eu\/de\/wp-json\/wp\/v2\/types\/page"}],"author":[{"embeddable":true,"href":"https:\/\/www.allecodole.eu\/de\/wp-json\/wp\/v2\/users\/1"}],"replies":[{"embeddable":true,"href":"https:\/\/www.allecodole.eu\/de\/wp-json\/wp\/v2\/comments?post=1140"}],"version-history":[{"count":0,"href":"https:\/\/www.allecodole.eu\/de\/wp-json\/wp\/v2\/pages\/1140\/revisions"}],"wp:featuredmedia":[{"embeddable":true,"href":"https:\/\/www.allecodole.eu\/de\/wp-json\/wp\/v2\/media\/975"}],"wp:attachment":[{"href":"https:\/\/www.allecodole.eu\/de\/wp-json\/wp\/v2\/media?parent=1140"}],"curies":[{"name":"wp","href":"https:\/\/api.w.org\/{rel}","templated":true}]}}