{"id":1136,"date":"2017-10-11T15:31:02","date_gmt":"2017-10-11T13:31:02","guid":{"rendered":"http:\/\/www.allecodole.eu\/?page_id=1136"},"modified":"2021-12-29T16:59:31","modified_gmt":"2021-12-29T15:59:31","slug":"der-wiknkeller","status":"publish","type":"page","link":"https:\/\/www.allecodole.eu\/de\/der-wiknkeller\/","title":{"rendered":"Der Wiknkeller"},"content":{"rendered":"<p style=\"text-align: center;\">Um die Dolomitische K\u00fcche richtig genie\u00dfen zu k\u00f6nnen muss die Speise von einem guten Glas Wein begleitet werden.<br \/>\nDas Restaurant Alle Codole verf\u00fcgt \u00fcber langj\u00e4hrige Erfahrung und einen Weinkeller mit 700 qualitativ hochwertige Etiketten pers\u00f6nlich von Diego gew\u00e4hlt, einem professionellen Sommelier seit 1989.<br \/>\nSie m\u00fcssen sich einfach zur\u00fccklehnen, entspannen und in der Wahl der Weine von Diego f\u00fchren lassen. Er wird Ihnen den richtigen Wein empf\u00e4hlen der den Geschmack der Speisen hervorhebt.<\/p>\n<p style=\"text-align: center;\"><a  class=\"pixcode  pixcode--btn  btn  btn--large  btn--primary\" href=\"https:\/\/www.allecodole.eu\/wp-content\/uploads\/2021\/12\/listaviniperregioni_definitiva_12_2021.pdf\" target=\"_blank\">UNSERE KOMPLETTE WEINKARTE<\/a>\n","protected":false},"excerpt":{"rendered":"<p>Um die Dolomitische K\u00fcche richtig genie\u00dfen zu k\u00f6nnen muss die Speise von einem guten Glas Wein begleitet werden. Das Restaurant Alle Codole verf\u00fcgt \u00fcber langj\u00e4hrige Erfahrung und einen Weinkeller mit 700 qualitativ hochwertige Etiketten pers\u00f6nlich von Diego gew\u00e4hlt, einem professionellen Sommelier seit 1989. Sie m\u00fcssen sich einfach zur\u00fccklehnen, entspannen und in der Wahl der Weine..<\/p>\n","protected":false},"author":1,"featured_media":969,"parent":0,"menu_order":0,"comment_status":"closed","ping_status":"closed","template":"","meta":{"_mi_skip_tracking":false,"footnotes":""},"class_list":["post-1136","page","type-page","status-publish","has-post-thumbnail","hentry"],"_links":{"self":[{"href":"https:\/\/www.allecodole.eu\/de\/wp-json\/wp\/v2\/pages\/1136","targetHints":{"allow":["GET"]}}],"collection":[{"href":"https:\/\/www.allecodole.eu\/de\/wp-json\/wp\/v2\/pages"}],"about":[{"href":"https:\/\/www.allecodole.eu\/de\/wp-json\/wp\/v2\/types\/page"}],"author":[{"embeddable":true,"href":"https:\/\/www.allecodole.eu\/de\/wp-json\/wp\/v2\/users\/1"}],"replies":[{"embeddable":true,"href":"https:\/\/www.allecodole.eu\/de\/wp-json\/wp\/v2\/comments?post=1136"}],"version-history":[{"count":0,"href":"https:\/\/www.allecodole.eu\/de\/wp-json\/wp\/v2\/pages\/1136\/revisions"}],"wp:featuredmedia":[{"embeddable":true,"href":"https:\/\/www.allecodole.eu\/de\/wp-json\/wp\/v2\/media\/969"}],"wp:attachment":[{"href":"https:\/\/www.allecodole.eu\/de\/wp-json\/wp\/v2\/media?parent=1136"}],"curies":[{"name":"wp","href":"https:\/\/api.w.org\/{rel}","templated":true}]}}